{"id":17671,"date":"2021-12-01T17:19:00","date_gmt":"2021-12-01T16:19:00","guid":{"rendered":"https:\/\/www.unitradingfood.com\/?page_id=17671"},"modified":"2021-12-23T12:34:55","modified_gmt":"2021-12-23T11:34:55","slug":"case_history","status":"publish","type":"page","link":"https:\/\/www.unitradingfood.com\/it\/case_history\/","title":{"rendered":"case_history"},"content":{"rendered":"<section class=\"wpb-content-wrapper\"><p>[vc_row css_animation=&#8221;&#8221; row_type=&#8221;row&#8221; use_row_as_full_screen_section=&#8221;no&#8221; type=&#8221;full_width&#8221; angled_section=&#8221;no&#8221; text_align=&#8221;center&#8221; background_image_as_pattern=&#8221;without_pattern&#8221; background_image=&#8221;17994&#8243; css=&#8221;.vc_custom_1640259198383{background-image: url(https:\/\/www.unitradingfood.com\/wp-content\/uploads\/2021\/12\/testata_case_history.jpg?id=17994) !important;background-position: center !important;background-repeat: no-repeat !important;background-size: cover !important;}&#8221; z_index=&#8221;&#8221;][vc_column][vc_empty_space height=&#8221;600px&#8221;][\/vc_column][\/vc_row][vc_row css_animation=&#8221;&#8221; row_type=&#8221;row&#8221; use_row_as_full_screen_section=&#8221;no&#8221; type=&#8221;full_width&#8221; angled_section=&#8221;no&#8221; text_align=&#8221;left&#8221; background_image_as_pattern=&#8221;without_pattern&#8221; css=&#8221;.vc_custom_1638286931378{margin-top: 0px !important;background-color: #234c5a !important;}&#8221; z_index=&#8221;2&#8243; background_color=&#8221;#d2c7ba&#8221;][vc_column css=&#8221;.vc_custom_1638289660141{padding-top: 10px !important;padding-bottom: 10px !important;}&#8221;][vc_column_text]<\/p>\n<h2 style=\"text-align: center;\"><span style=\"color: #cfbc9d;\">Alcune case history <\/span><\/h2>\n<p>[\/vc_column_text][\/vc_column][\/vc_row][vc_row css_animation=&#8221;&#8221; row_type=&#8221;row&#8221; use_row_as_full_screen_section=&#8221;no&#8221; type=&#8221;grid&#8221; angled_section=&#8221;no&#8221; text_align=&#8221;left&#8221; background_image_as_pattern=&#8221;without_pattern&#8221; padding_top=&#8221;80&#8243; padding_bottom=&#8221;0&#8243; anchor=&#8221;portfolio&#8221; background_color=&#8221;#ffffff&#8221; css=&#8221;.vc_custom_1638444662646{margin-top: 0px !important;margin-right: 0px !important;margin-bottom: 0px !important;margin-left: 0px !important;background-color: #e8e7e7 !important;}&#8221; z_index=&#8221;&#8221;][vc_column][vc_row_inner row_type=&#8221;row&#8221; use_as_box=&#8221;use_row_as_box&#8221; type=&#8221;grid&#8221; text_align=&#8221;left&#8221; css_animation=&#8221;&#8221; padding_top=&#8221;0&#8243; padding_bottom=&#8221;0&#8243; css=&#8221;.vc_custom_1593767120501{margin-bottom: 40px !important;}&#8221;][vc_column_inner width=&#8221;1\/3&#8243;][vc_single_image image=&#8221;17693&#8243; img_size=&#8221;full&#8221; alignment=&#8221;center&#8221; qode_css_animation=&#8221;element_from_fade&#8221; transition_delay=&#8221;0.2&#8243; el_class=&#8221;bordouni&#8221;][\/vc_column_inner][vc_column_inner el_class=&#8221;casehistory&#8221; width=&#8221;1\/3&#8243;][vc_column_text el_class=&#8221;box_bianco&#8221; css=&#8221;.vc_custom_1638446740971{border-radius: 20px !important;}&#8221;]<span style=\"color: #234c5a;\"><strong>ESIGENZA<\/strong><\/span><br \/>\nUn importante cliente della Distribuzione Moderna ha richiesto un <strong>Prosciutto Cotto Nazionale con filiera certificata prodotto nel sud Italia<\/strong> per il banco taglio.[\/vc_column_text][\/vc_column_inner][vc_column_inner el_class=&#8221;settori_testo&#8221; width=&#8221;1\/3&#8243;][vc_single_image image=&#8221;17679&#8243; img_size=&#8221;full&#8221; alignment=&#8221;center&#8221; qode_css_animation=&#8221;element_from_fade&#8221; transition_delay=&#8221;0.2&#8243; el_class=&#8221;bordouni&#8221;][\/vc_column_inner][\/vc_row_inner][vc_row_inner row_type=&#8221;row&#8221; use_as_box=&#8221;use_row_as_box&#8221; type=&#8221;grid&#8221; text_align=&#8221;left&#8221; css_animation=&#8221;&#8221; padding_top=&#8221;0&#8243; padding_bottom=&#8221;0&#8243; css=&#8221;.vc_custom_1593767127093{margin-bottom: 40px !important;}&#8221;][vc_column_inner width=&#8221;1\/3&#8243;][vc_single_image image=&#8221;17677&#8243; img_size=&#8221;full&#8221; alignment=&#8221;center&#8221; qode_css_animation=&#8221;element_from_fade&#8221; transition_delay=&#8221;0.2&#8243; el_class=&#8221;bordouni&#8221;][\/vc_column_inner][vc_column_inner el_class=&#8221;casehistory&#8221; width=&#8221;1\/3&#8243;][vc_column_text el_class=&#8221;box_bianco&#8221; css=&#8221;.vc_custom_1638444907442{background-color: #cfbc9d !important;border-radius: 30px !important;}&#8221;]<span style=\"color: #234c5a;\"><strong>STUDIO<\/strong><\/span><br \/>\nRicerca e selezione degli allevatori che garantissero una genetica di suini nati, allevati e macellati in Italia, con le caratteristiche idonee per produrre un Prosciutto Cotto di alta qualit\u00e0 100% italiano, legato a mano fuori stampo.[\/vc_column_text][\/vc_column_inner][vc_column_inner width=&#8221;1\/3&#8243;][vc_single_image image=&#8221;17683&#8243; img_size=&#8221;full&#8221; alignment=&#8221;center&#8221; qode_css_animation=&#8221;element_from_fade&#8221; transition_delay=&#8221;0.2&#8243; el_class=&#8221;bordouni&#8221;][\/vc_column_inner][\/vc_row_inner][vc_row_inner row_type=&#8221;row&#8221; use_as_box=&#8221;use_row_as_box&#8221; type=&#8221;grid&#8221; text_align=&#8221;left&#8221; css_animation=&#8221;&#8221; padding_top=&#8221;0&#8243; padding_bottom=&#8221;0&#8243; css=&#8221;.vc_custom_1593767127093{margin-bottom: 40px !important;}&#8221;][vc_column_inner width=&#8221;1\/3&#8243; css=&#8221;.vc_custom_1638285329634{border-radius: 30px !important;}&#8221;][vc_single_image image=&#8221;17681&#8243; img_size=&#8221;full&#8221; alignment=&#8221;center&#8221; qode_css_animation=&#8221;element_from_fade&#8221; transition_delay=&#8221;0.2&#8243; css=&#8221;.vc_custom_1638377410371{border-radius: 30px !important;}&#8221; el_class=&#8221;bordouni&#8221;][\/vc_column_inner][vc_column_inner el_class=&#8221;casehistory&#8221; width=&#8221;1\/3&#8243;][vc_column_text el_class=&#8221;box_bianco&#8221; css=&#8221;.vc_custom_1638377938425{background-color: #234c5a !important;border-radius: 30px !important;}&#8221;]<span style=\"font-weight: 400; color: #cfbc9d;\"><strong>SOLUZIONE<\/strong><\/span><br \/>\n<span style=\"color: #ffffff;\">\u00c8 stata messa a punto una filiera in Basilicata, certificata da Kiwa con l\u2019industria di macellazione, con il produttore di prosciutti cotti e con l\u2019azienda incaricata della distribuzione per il banco taglio. Lo stesso prodotto \u00e8 stato poi realizzato anche nel formato take away.<\/span>[\/vc_column_text][\/vc_column_inner][vc_column_inner width=&#8221;1\/3&#8243;][vc_single_image image=&#8221;17675&#8243; img_size=&#8221;full&#8221; alignment=&#8221;center&#8221; qode_css_animation=&#8221;element_from_fade&#8221; transition_delay=&#8221;0.2&#8243; el_class=&#8221;bordouni&#8221;][\/vc_column_inner][\/vc_row_inner][vc_separator type=&#8221;normal&#8221; down=&#8221;30&#8243; transparency=&#8221;0&#8243;][\/vc_column][\/vc_row][vc_row css_animation=&#8221;&#8221; row_type=&#8221;row&#8221; use_row_as_full_screen_section=&#8221;no&#8221; type=&#8221;grid&#8221; angled_section=&#8221;no&#8221; text_align=&#8221;left&#8221; background_image_as_pattern=&#8221;without_pattern&#8221; padding_top=&#8221;80&#8243; padding_bottom=&#8221;0&#8243; anchor=&#8221;portfolio&#8221; background_color=&#8221;#ffffff&#8221; css=&#8221;.vc_custom_1638373446611{margin-top: 0px !important;margin-right: 0px !important;margin-bottom: 0px !important;margin-left: 0px !important;background-color: #e9d7b9 !important;}&#8221; z_index=&#8221;&#8221;][vc_column][vc_row_inner row_type=&#8221;row&#8221; use_as_box=&#8221;use_row_as_box&#8221; type=&#8221;grid&#8221; text_align=&#8221;left&#8221; css_animation=&#8221;&#8221; padding_top=&#8221;0&#8243; padding_bottom=&#8221;0&#8243; css=&#8221;.vc_custom_1593767120501{margin-bottom: 40px !important;}&#8221;][vc_column_inner width=&#8221;1\/3&#8243;][vc_single_image image=&#8221;17691&#8243; img_size=&#8221;full&#8221; alignment=&#8221;center&#8221; qode_css_animation=&#8221;element_from_fade&#8221; transition_delay=&#8221;0.2&#8243; el_class=&#8221;bordouni&#8221;][\/vc_column_inner][vc_column_inner el_class=&#8221;casehistory&#8221; width=&#8221;1\/3&#8243;][vc_column_text el_class=&#8221;box_bianco&#8221; css=&#8221;.vc_custom_1638444559862{border-radius: 20px !important;}&#8221;]<span style=\"color: #234c5a;\"><strong>ESIGENZA<\/strong><\/span><br \/>\nUn gruppo della Grande Distribuzione ha richiesto lo sviluppo di una filiera di carne di <strong>suino Antibiotic Free<\/strong>, ovvero a cui non vengono somministrati antibiotici fin dalla nascita.[\/vc_column_text][\/vc_column_inner][vc_column_inner el_class=&#8221;settori_testo&#8221; width=&#8221;1\/3&#8243;][vc_single_image image=&#8221;17697&#8243; img_size=&#8221;full&#8221; alignment=&#8221;center&#8221; qode_css_animation=&#8221;element_from_fade&#8221; transition_delay=&#8221;0.2&#8243; el_class=&#8221;bordouni&#8221;][\/vc_column_inner][\/vc_row_inner][vc_row_inner row_type=&#8221;row&#8221; use_as_box=&#8221;use_row_as_box&#8221; type=&#8221;grid&#8221; text_align=&#8221;left&#8221; css_animation=&#8221;&#8221; padding_top=&#8221;0&#8243; padding_bottom=&#8221;0&#8243; css=&#8221;.vc_custom_1593767127093{margin-bottom: 40px !important;}&#8221;][vc_column_inner width=&#8221;1\/3&#8243;][vc_single_image image=&#8221;17703&#8243; img_size=&#8221;full&#8221; alignment=&#8221;center&#8221; qode_css_animation=&#8221;element_from_fade&#8221; transition_delay=&#8221;0.2&#8243; el_class=&#8221;bordouni&#8221;][\/vc_column_inner][vc_column_inner el_class=&#8221;casehistory&#8221; width=&#8221;1\/3&#8243;][vc_column_text el_class=&#8221;box_bianco&#8221; css=&#8221;.vc_custom_1638444473156{background-color: #cfbc9d !important;border-radius: 30px !important;}&#8221;]<span style=\"font-weight: 400;\"><span style=\"color: #234c5a;\"><strong>STUDIO<\/strong><\/span><br \/>\n\u00c8 stata condotta un\u2019accurata ricerca degli allevatori idonei che rispondessero alle caratteristiche richieste.<br \/>\n<\/span>[\/vc_column_text][\/vc_column_inner][vc_column_inner width=&#8221;1\/3&#8243;][vc_single_image image=&#8221;17699&#8243; img_size=&#8221;full&#8221; alignment=&#8221;center&#8221; qode_css_animation=&#8221;element_from_fade&#8221; transition_delay=&#8221;0.2&#8243; el_class=&#8221;bordouni&#8221;][\/vc_column_inner][\/vc_row_inner][vc_row_inner row_type=&#8221;row&#8221; use_as_box=&#8221;use_row_as_box&#8221; type=&#8221;grid&#8221; text_align=&#8221;left&#8221; css_animation=&#8221;&#8221; padding_top=&#8221;0&#8243; padding_bottom=&#8221;0&#8243; css=&#8221;.vc_custom_1593767127093{margin-bottom: 40px !important;}&#8221;][vc_column_inner width=&#8221;1\/3&#8243; css=&#8221;.vc_custom_1638285329634{border-radius: 30px !important;}&#8221;][vc_single_image image=&#8221;17695&#8243; img_size=&#8221;full&#8221; alignment=&#8221;center&#8221; qode_css_animation=&#8221;element_from_fade&#8221; transition_delay=&#8221;0.2&#8243; css=&#8221;.vc_custom_1638444329542{border-radius: 30px !important;}&#8221; el_class=&#8221;bordouni&#8221;][\/vc_column_inner][vc_column_inner el_class=&#8221;casehistory&#8221; width=&#8221;1\/3&#8243;][vc_column_text el_class=&#8221;box_bianco&#8221; css=&#8221;.vc_custom_1638444496883{background-color: #234c5a !important;border-radius: 30px !important;}&#8221;]<span style=\"font-weight: 400; color: #cfbc9d;\"><strong>SOLUZIONE<\/strong><\/span><br \/>\n<span style=\"color: #ffffff;\">Concordato con il macello il flusso degli ordini dei tagli di carne fresca per il reparto macelleria. I prosciutti freschi, vengono consegnati direttamente al Prosciuttificio individuato dalla collaborazione tra la catena ed Unitrading.<\/span>[\/vc_column_text][\/vc_column_inner][vc_column_inner width=&#8221;1\/3&#8243;][vc_single_image image=&#8221;17701&#8243; img_size=&#8221;full&#8221; alignment=&#8221;center&#8221; qode_css_animation=&#8221;element_from_fade&#8221; transition_delay=&#8221;0.2&#8243; el_class=&#8221;bordouni&#8221;][\/vc_column_inner][\/vc_row_inner][vc_separator type=&#8221;normal&#8221; down=&#8221;30&#8243; transparency=&#8221;0&#8243;][\/vc_column][\/vc_row][vc_row css_animation=&#8221;&#8221; row_type=&#8221;row&#8221; use_row_as_full_screen_section=&#8221;no&#8221; type=&#8221;grid&#8221; angled_section=&#8221;no&#8221; text_align=&#8221;left&#8221; background_image_as_pattern=&#8221;without_pattern&#8221; padding_top=&#8221;80&#8243; padding_bottom=&#8221;0&#8243; anchor=&#8221;portfolio&#8221; background_color=&#8221;#ffffff&#8221; css=&#8221;.vc_custom_1638444662646{margin-top: 0px !important;margin-right: 0px !important;margin-bottom: 0px !important;margin-left: 0px !important;background-color: #e8e7e7 !important;}&#8221; z_index=&#8221;&#8221;][vc_column][vc_row_inner row_type=&#8221;row&#8221; use_as_box=&#8221;use_row_as_box&#8221; type=&#8221;grid&#8221; text_align=&#8221;left&#8221; css_animation=&#8221;&#8221; padding_top=&#8221;0&#8243; padding_bottom=&#8221;0&#8243; css=&#8221;.vc_custom_1593767120501{margin-bottom: 40px !important;}&#8221;][vc_column_inner width=&#8221;1\/3&#8243;][vc_single_image image=&#8221;17689&#8243; img_size=&#8221;full&#8221; alignment=&#8221;center&#8221; qode_css_animation=&#8221;element_from_fade&#8221; transition_delay=&#8221;0.2&#8243; el_class=&#8221;bordouni&#8221;][\/vc_column_inner][vc_column_inner el_class=&#8221;casehistory&#8221; width=&#8221;1\/3&#8243;][vc_column_text el_class=&#8221;box_bianco&#8221; css=&#8221;.vc_custom_1638444848835{border-radius: 20px !important;}&#8221;]<span style=\"color: #234c5a;\"><strong>ESIGENZA<\/strong><\/span><br \/>\nLa richiesta del cliente era quella di mettere sul mercato una Lasagna Bolognese da 400g con le seguenti caratteristiche: 100% Vegana, contenuto proteico superiore al 20%, cremosa e uguale dal punto di vista organolettico al prodotto convenzionale. [\/vc_column_text][\/vc_column_inner][vc_column_inner el_class=&#8221;settori_testo&#8221; width=&#8221;1\/3&#8243;][vc_single_image image=&#8221;17710&#8243; img_size=&#8221;full&#8221; alignment=&#8221;center&#8221; qode_css_animation=&#8221;element_from_fade&#8221; transition_delay=&#8221;0.2&#8243; el_class=&#8221;bordouni&#8221;][\/vc_column_inner][\/vc_row_inner][vc_row_inner row_type=&#8221;row&#8221; use_as_box=&#8221;use_row_as_box&#8221; type=&#8221;grid&#8221; text_align=&#8221;left&#8221; css_animation=&#8221;&#8221; padding_top=&#8221;0&#8243; padding_bottom=&#8221;0&#8243; css=&#8221;.vc_custom_1593767127093{margin-bottom: 40px !important;}&#8221;][vc_column_inner width=&#8221;1\/3&#8243;][vc_single_image image=&#8221;17718&#8243; img_size=&#8221;full&#8221; alignment=&#8221;center&#8221; qode_css_animation=&#8221;element_from_fade&#8221; transition_delay=&#8221;0.2&#8243; el_class=&#8221;bordouni&#8221;][\/vc_column_inner][vc_column_inner el_class=&#8221;casehistory&#8221; width=&#8221;1\/3&#8243;][vc_column_text el_class=&#8221;box_bianco&#8221; css=&#8221;.vc_custom_1638444891169{background-color: #cfbc9d !important;border-radius: 30px !important;}&#8221;]<span style=\"color: #234c5a;\"><strong>STUDIO<\/strong><\/span><br \/>\n\u00c8 iniziata la ricerca dei possibili partner e la relativa selezione si \u00e8 basata sui seguenti parametri: Certificazioni, Sostenibilit\u00e0, Etica, Qualit\u00e0 e tipologie di materie prime utilizzate per ottenere un prodotto di altissima qualit\u00e0 e capace di soddisfare appieno le esigenze del cliente. [\/vc_column_text][\/vc_column_inner][vc_column_inner width=&#8221;1\/3&#8243;][vc_single_image image=&#8221;17712&#8243; img_size=&#8221;full&#8221; alignment=&#8221;center&#8221; qode_css_animation=&#8221;element_from_fade&#8221; transition_delay=&#8221;0.2&#8243; el_class=&#8221;bordouni&#8221;][\/vc_column_inner][\/vc_row_inner][vc_row_inner row_type=&#8221;row&#8221; use_as_box=&#8221;use_row_as_box&#8221; type=&#8221;grid&#8221; text_align=&#8221;left&#8221; css_animation=&#8221;&#8221; padding_top=&#8221;0&#8243; padding_bottom=&#8221;0&#8243; css=&#8221;.vc_custom_1593767127093{margin-bottom: 40px !important;}&#8221;][vc_column_inner width=&#8221;1\/3&#8243; css=&#8221;.vc_custom_1638285329634{border-radius: 30px !important;}&#8221;][vc_single_image image=&#8221;17716&#8243; img_size=&#8221;full&#8221; alignment=&#8221;center&#8221; qode_css_animation=&#8221;element_from_fade&#8221; transition_delay=&#8221;0.2&#8243; css=&#8221;.vc_custom_1638445473809{border-radius: 30px !important;}&#8221; el_class=&#8221;bordouni&#8221;][\/vc_column_inner][vc_column_inner el_class=&#8221;casehistory&#8221; width=&#8221;1\/3&#8243;][vc_column_text el_class=&#8221;box_bianco&#8221; css=&#8221;.vc_custom_1638444934836{background-color: #234c5a !important;border-radius: 30px !important;}&#8221;]<span style=\"font-weight: 400; color: #cfbc9d;\"><strong>SOLUZIONE<\/strong><\/span><br \/>\n<span style=\"color: #ffffff;\">Una volta identificato il partner idoneo, sono stati prodotti 3 differenti varianti che differivano per cremosit\u00e0, grado di speziatura, percentuale di pasta, tipologia di salsa. I campioni sono stati inviati al cliente che ha potuto procedere con dei test interni e selezionare cos\u00ec il prodotto conforme alle sue richieste.<\/span>[\/vc_column_text][\/vc_column_inner][vc_column_inner width=&#8221;1\/3&#8243;][vc_single_image image=&#8221;17714&#8243; img_size=&#8221;full&#8221; alignment=&#8221;center&#8221; qode_css_animation=&#8221;element_from_fade&#8221; transition_delay=&#8221;0.2&#8243; el_class=&#8221;bordouni&#8221;][\/vc_column_inner][\/vc_row_inner][vc_separator type=&#8221;normal&#8221; down=&#8221;30&#8243; transparency=&#8221;0&#8243;][\/vc_column][\/vc_row]<\/p>\n<\/section>","protected":false},"excerpt":{"rendered":"<p>[vc_row css_animation=&#8221;&#8221; row_type=&#8221;row&#8221; use_row_as_full_screen_section=&#8221;no&#8221; type=&#8221;full_width&#8221; angled_section=&#8221;no&#8221; text_align=&#8221;center&#8221; background_image_as_pattern=&#8221;without_pattern&#8221; background_image=&#8221;17994&#8243; css=&#8221;.vc_custom_1640259198383{background-image: url(https:\/\/www.unitradingfood.com\/wp-content\/uploads\/2021\/12\/testata_case_history.jpg?id=17994) !important;background-position: center !important;background-repeat: no-repeat !important;background-size: cover !important;}&#8221; z_index=&#8221;&#8221;][vc_column][vc_empty_space height=&#8221;600px&#8221;][\/vc_column][\/vc_row][vc_row css_animation=&#8221;&#8221; row_type=&#8221;row&#8221; use_row_as_full_screen_section=&#8221;no&#8221; type=&#8221;full_width&#8221; angled_section=&#8221;no&#8221; text_align=&#8221;left&#8221; background_image_as_pattern=&#8221;without_pattern&#8221; css=&#8221;.vc_custom_1638286931378{margin-top: 0px !important;background-color: #234c5a !important;}&#8221; z_index=&#8221;2&#8243; background_color=&#8221;#d2c7ba&#8221;][vc_column css=&#8221;.vc_custom_1638289660141{padding-top: 10px !important;padding-bottom: 10px !important;}&#8221;][vc_column_text] Alcune case history [\/vc_column_text][\/vc_column][\/vc_row][vc_row css_animation=&#8221;&#8221; row_type=&#8221;row&#8221;&#8230;<\/p>\n","protected":false},"author":1,"featured_media":0,"parent":0,"menu_order":0,"comment_status":"open","ping_status":"open","template":"full_width.php","meta":[],"_links":{"self":[{"href":"https:\/\/www.unitradingfood.com\/it\/wp-json\/wp\/v2\/pages\/17671"}],"collection":[{"href":"https:\/\/www.unitradingfood.com\/it\/wp-json\/wp\/v2\/pages"}],"about":[{"href":"https:\/\/www.unitradingfood.com\/it\/wp-json\/wp\/v2\/types\/page"}],"author":[{"embeddable":true,"href":"https:\/\/www.unitradingfood.com\/it\/wp-json\/wp\/v2\/users\/1"}],"replies":[{"embeddable":true,"href":"https:\/\/www.unitradingfood.com\/it\/wp-json\/wp\/v2\/comments?post=17671"}],"version-history":[{"count":17,"href":"https:\/\/www.unitradingfood.com\/it\/wp-json\/wp\/v2\/pages\/17671\/revisions"}],"predecessor-version":[{"id":18085,"href":"https:\/\/www.unitradingfood.com\/it\/wp-json\/wp\/v2\/pages\/17671\/revisions\/18085"}],"wp:attachment":[{"href":"https:\/\/www.unitradingfood.com\/it\/wp-json\/wp\/v2\/media?parent=17671"}],"curies":[{"name":"wp","href":"https:\/\/api.w.org\/{rel}","templated":true}]}}