{"id":16625,"date":"2020-07-09T17:30:46","date_gmt":"2020-07-09T15:30:46","guid":{"rendered":"http:\/\/rvdurdx.cluster028.hosting.ovh.net\/?page_id=16625"},"modified":"2023-10-13T14:58:24","modified_gmt":"2023-10-13T12:58:24","slug":"pastaco","status":"publish","type":"page","link":"https:\/\/www.unitradingfood.com\/it\/pastaco\/","title":{"rendered":"pasta&#038;co"},"content":{"rendered":"<section class=\"wpb-content-wrapper\"><p>[vc_row css_animation=&#8221;&#8221; row_type=&#8221;row&#8221; use_row_as_full_screen_section=&#8221;no&#8221; type=&#8221;full_width&#8221; angled_section=&#8221;no&#8221; text_align=&#8221;left&#8221; background_image_as_pattern=&#8221;without_pattern&#8221; z_index=&#8221;9999&#8243;][vc_column]\t\t\t<script src=\"\/\/www.unitradingfood.com\/wp-content\/plugins\/revslider\/public\/assets\/js\/rbtools.min.js?rev=6.6.5\"><\/script>\n\t\t\t<script src=\"\/\/www.unitradingfood.com\/wp-content\/plugins\/revslider\/public\/assets\/js\/rs6.min.js?rev=6.6.5\"><\/script>\n\n\t\t\t<!-- START pasta_it REVOLUTION SLIDER 6.6.5 --><p class=\"rs-p-wp-fix\"><\/p>\n\t\t\t<rs-module-wrap id=\"rev_slider_12_1_wrapper\" data-source=\"gallery\" style=\"visibility:hidden;background:transparent;padding:0;margin:0px auto;margin-top:0;margin-bottom:0;\">\n\t\t\t\t<rs-module id=\"rev_slider_12_1\" style=\"\" data-version=\"6.6.5\">\n\t\t\t\t\t<rs-slides style=\"overflow: hidden; position: absolute;\">\n\t\t\t\t\t\t<rs-slide style=\"position: absolute;\" data-key=\"rs-17\" data-title=\"Slide\" data-anim=\"ms:1000;r:0;\" data-in=\"o:0;\" data-out=\"a:false;\">\n\t\t\t\t\t\t\t<img src=\"\/\/www.unitradingfood.com\/wp-content\/plugins\/revslider\/public\/assets\/assets\/dummy.png\" alt=\"\" title=\"legno\" width=\"1920\" height=\"750\" class=\"rev-slidebg tp-rs-img rs-lazyload\" data-lazyload=\"\/\/www.unitradingfood.com\/wp-content\/uploads\/2021\/12\/legno.jpg\" data-no-retina>\n<!--\n\t\t\t\t\t\t\t--><rs-layer\n\t\t\t\t\t\t\t\tid=\"slider-12-slide-17-layer-4\" \n\t\t\t\t\t\t\t\tdata-type=\"image\"\n\t\t\t\t\t\t\t\tdata-rsp_ch=\"on\"\n\t\t\t\t\t\t\t\tdata-xy=\"x:1px;y:35px;\"\n\t\t\t\t\t\t\t\tdata-text=\"w:normal;\"\n\t\t\t\t\t\t\t\tdata-dim=\"w:1240px;h:503px;\"\n\t\t\t\t\t\t\t\tdata-frame_999=\"o:0;st:w;\"\n\t\t\t\t\t\t\t\tstyle=\"z-index:8;\"\n\t\t\t\t\t\t\t><img src=\"\/\/www.unitradingfood.com\/wp-content\/plugins\/revslider\/public\/assets\/assets\/dummy.png\" alt=\"\" class=\"tp-rs-img rs-lazyload\" width=\"1240\" height=\"503\" data-lazyload=\"\/\/www.unitradingfood.com\/wp-content\/uploads\/2021\/12\/pasta_testo.png\" data-no-retina> \n\t\t\t\t\t\t\t<\/rs-layer><!--\n-->\t\t\t\t\t\t<\/rs-slide>\n\t\t\t\t\t<\/rs-slides>\n\t\t\t\t<\/rs-module>\n\t\t\t\t<script>\n\t\t\t\t\tsetREVStartSize({c: 'rev_slider_12_1',rl:[1240,1024,778,480],el:[650],gw:[1240],gh:[650],type:'hero',justify:'',layout:'fullwidth',mh:\"0\"});if (window.RS_MODULES!==undefined && window.RS_MODULES.modules!==undefined && window.RS_MODULES.modules[\"revslider121\"]!==undefined) {window.RS_MODULES.modules[\"revslider121\"].once = false;window.revapi12 = undefined;if (window.RS_MODULES.checkMinimal!==undefined) window.RS_MODULES.checkMinimal()}\n\t\t\t\t<\/script>\n\t\t\t<\/rs-module-wrap>\n\t\t\t<!-- END REVOLUTION SLIDER -->\n[\/vc_column][\/vc_row][vc_row css_animation=&#8221;&#8221; row_type=&#8221;row&#8221; use_row_as_full_screen_section=&#8221;no&#8221; type=&#8221;full_width&#8221; angled_section=&#8221;no&#8221; text_align=&#8221;left&#8221; background_image_as_pattern=&#8221;without_pattern&#8221; css=&#8221;.vc_custom_1638529180953{margin-top: 0px !important;background-color: #234c5a !important;}&#8221; z_index=&#8221;2&#8243; background_color=&#8221;#d2c7ba&#8221;][vc_column css=&#8221;.vc_custom_1638529643072{padding-top: 10px !important;padding-bottom: 10px !important;}&#8221;][vc_column_text el_class=&#8221;pasta&#8221;]<\/p>\n<h2 style=\"text-align: center;\"><span style=\"color: #cfbc9d;\">Pasta &amp; co<\/span><\/h2>\n<p>[\/vc_column_text][\/vc_column][\/vc_row][vc_row css_animation=&#8221;&#8221; row_type=&#8221;row&#8221; use_row_as_full_screen_section=&#8221;no&#8221; type=&#8221;full_width&#8221; angled_section=&#8221;no&#8221; text_align=&#8221;left&#8221; background_image_as_pattern=&#8221;without_pattern&#8221;][vc_column][vc_single_image image=&#8221;17751&#8243; img_size=&#8221;full&#8221; alignment=&#8221;center&#8221; qode_css_animation=&#8221;&#8221;][\/vc_column][\/vc_row][vc_row css_animation=&#8221;&#8221; row_type=&#8221;row&#8221; use_row_as_full_screen_section=&#8221;no&#8221; type=&#8221;full_width&#8221; angled_section=&#8221;no&#8221; text_align=&#8221;left&#8221; background_image_as_pattern=&#8221;without_pattern&#8221; css=&#8221;.vc_custom_1593698851017{margin-bottom: 40px !important;}&#8221; z_index=&#8221;&#8221;][vc_column width=&#8221;1\/3&#8243; offset=&#8221;vc_hidden-xs&#8221;][\/vc_column][vc_column width=&#8221;1\/3&#8243;][vc_column_text el_class=&#8221;testo_settori&#8221; css=&#8221;.vc_custom_1638530227022{border-radius: 30px !important;}&#8221;]<\/p>\n<p style=\"text-align: center;\"><span style=\"font-weight: 400;\">Unitrading \u00e8 il partner adatto allo sviluppo di <strong>nuovi prodotti<\/strong> in diversi mercati in <strong>continua evoluzione<\/strong> come quello della pasta, dei panificati e della gastronomia.<\/span><\/p>\n<p>[\/vc_column_text][\/vc_column][vc_column width=&#8221;1\/3&#8243; offset=&#8221;vc_hidden-xs&#8221;][\/vc_column][\/vc_row][vc_row css_animation=&#8221;&#8221; row_type=&#8221;row&#8221; use_row_as_full_screen_section=&#8221;no&#8221; type=&#8221;grid&#8221; angled_section=&#8221;no&#8221; text_align=&#8221;left&#8221; background_image_as_pattern=&#8221;without_pattern&#8221; padding_top=&#8221;80&#8243; padding_bottom=&#8221;0&#8243; anchor=&#8221;portfolio&#8221; background_color=&#8221;#ffffff&#8221; css=&#8221;.vc_custom_1638529778547{margin-top: 0px !important;margin-right: 0px !important;margin-bottom: 0px !important;margin-left: 0px !important;background-color: #e9d7b9 !important;}&#8221; z_index=&#8221;&#8221;][vc_column][vc_row_inner row_type=&#8221;row&#8221; use_as_box=&#8221;use_row_as_box&#8221; type=&#8221;grid&#8221; text_align=&#8221;left&#8221; css_animation=&#8221;&#8221; padding_top=&#8221;0&#8243; padding_bottom=&#8221;0&#8243; css=&#8221;.vc_custom_1593767120501{margin-bottom: 40px !important;}&#8221;][vc_column_inner el_class=&#8221;settori_testo&#8221; width=&#8221;1\/3&#8243;][vc_column_text el_class=&#8221;box_bianco&#8221; css=&#8221;.vc_custom_1638530240142{border-radius: 30px !important;}&#8221;]<span style=\"font-weight: 400;\">L\u2019esperienza e la conoscenza maturata negli anni ci hanno permesso di individuare ogni nicchia di mercato ed ogni sua sfaccettatura per riuscire nel nostro obiettivo principale: proporre prodotti capaci di spiccare per gusto, qualit\u00e0 e creativit\u00e0.<\/span>[\/vc_column_text][\/vc_column_inner][vc_column_inner width=&#8221;1\/3&#8243;][vc_single_image image=&#8221;16642&#8243; img_size=&#8221;full&#8221; alignment=&#8221;center&#8221; qode_css_animation=&#8221;element_from_fade&#8221; transition_delay=&#8221;0.2&#8243; el_class=&#8221;bordouni&#8221;][\/vc_column_inner][vc_column_inner el_class=&#8221;settori_testo&#8221; width=&#8221;1\/3&#8243;][vc_column_text el_class=&#8221;formaggi&#8221; css=&#8221;.vc_custom_1638529752054{margin-right: 4% !important;margin-left: 4% !important;padding-right: 7% !important;padding-left: 7% !important;}&#8221;]<\/p>\n<h5 style=\"text-align: center; color: #f5b281;\"><span style=\"color: #ffffff;\">Un percorso condiviso che porta all\u2019eccellenza<\/span><\/h5>\n<p>[\/vc_column_text][\/vc_column_inner][\/vc_row_inner][vc_row_inner row_type=&#8221;row&#8221; use_as_box=&#8221;use_row_as_box&#8221; type=&#8221;grid&#8221; text_align=&#8221;left&#8221; css_animation=&#8221;&#8221; padding_top=&#8221;0&#8243; padding_bottom=&#8221;0&#8243; css=&#8221;.vc_custom_1593767127093{margin-bottom: 40px !important;}&#8221;][vc_column_inner width=&#8221;1\/3&#8243;][vc_single_image image=&#8221;17780&#8243; img_size=&#8221;full&#8221; alignment=&#8221;center&#8221; qode_css_animation=&#8221;element_from_fade&#8221; transition_delay=&#8221;0.2&#8243; el_class=&#8221;bordouni&#8221;][\/vc_column_inner][vc_column_inner el_class=&#8221;settori_testo&#8221; width=&#8221;1\/3&#8243;][vc_column_text el_class=&#8221;box_bianco&#8221; css=&#8221;.vc_custom_1638530253278{border-radius: 30px !important;}&#8221;]<span style=\"font-weight: 400;\">Il <strong>settore pasta<\/strong> \u00e8 da sempre binomio tra tradizione e innovazione. Per questo siamo legati al passato, alla regionalit\u00e0 dei formati, alla consapevolezza delle materie prime, senza perdere di vista quelli che sono i trend di mercato, dal biologico al low carbo.<\/span>[\/vc_column_text][\/vc_column_inner][vc_column_inner width=&#8221;1\/3&#8243;][vc_single_image image=&#8221;16644&#8243; img_size=&#8221;full&#8221; alignment=&#8221;center&#8221; qode_css_animation=&#8221;element_from_fade&#8221; transition_delay=&#8221;0.2&#8243; el_class=&#8221;bordouni&#8221;][\/vc_column_inner][\/vc_row_inner][vc_row_inner row_type=&#8221;row&#8221; use_as_box=&#8221;use_row_as_box&#8221; type=&#8221;grid&#8221; text_align=&#8221;left&#8221; css_animation=&#8221;&#8221; padding_top=&#8221;0&#8243; padding_bottom=&#8221;0&#8243; css=&#8221;.vc_custom_1593767127093{margin-bottom: 40px !important;}&#8221;][vc_column_inner el_class=&#8221;settori_testo&#8221; width=&#8221;1\/3&#8243;][vc_column_text el_class=&#8221;box_bianco&#8221; css=&#8221;.vc_custom_1638530275286{border-radius: 30px !important;}&#8221;]<span style=\"font-weight: 400;\">Il <strong>mondo dei panificati<\/strong>, nella sua \u201csemplicit\u00e0\u201d, \u00e8 variegato e poliedrico, per questo bisogna conoscerlo a fondo cos\u00ec da poter proporre prodotti in linea con i trend attuali e futuri, capaci di risaltare.<\/span>[\/vc_column_text][\/vc_column_inner][vc_column_inner width=&#8221;1\/3&#8243;][vc_single_image image=&#8221;16643&#8243; img_size=&#8221;full&#8221; alignment=&#8221;center&#8221; qode_css_animation=&#8221;element_from_fade&#8221; transition_delay=&#8221;0.2&#8243; el_class=&#8221;bordouni&#8221;][\/vc_column_inner][vc_column_inner width=&#8221;1\/3&#8243;][vc_single_image image=&#8221;17778&#8243; img_size=&#8221;full&#8221; alignment=&#8221;center&#8221; qode_css_animation=&#8221;element_from_fade&#8221; transition_delay=&#8221;0.2&#8243; el_class=&#8221;bordouni&#8221;][\/vc_column_inner][\/vc_row_inner][vc_row_inner row_type=&#8221;row&#8221; use_as_box=&#8221;use_row_as_box&#8221; type=&#8221;grid&#8221; text_align=&#8221;left&#8221; css_animation=&#8221;&#8221; padding_top=&#8221;0&#8243; padding_bottom=&#8221;0&#8243; css=&#8221;.vc_custom_1593767127093{margin-bottom: 40px !important;}&#8221;][vc_column_inner el_class=&#8221;settori_testo&#8221; width=&#8221;1\/3&#8243;][vc_column_text el_class=&#8221;box_bianco&#8221; css=&#8221;.vc_custom_1638530288367{border-radius: 30px !important;}&#8221;]<span style=\"font-weight: 400;\">Il settore gastronomico vanta una grandissima variet\u00e0 di prodotti, dai pi\u00f9 semplici ai pi\u00f9 complessi. Un settore in continua evoluzione e crescita.<\/span>[\/vc_column_text][\/vc_column_inner][vc_column_inner width=&#8221;1\/3&#8243;][vc_single_image image=&#8221;16645&#8243; img_size=&#8221;full&#8221; alignment=&#8221;center&#8221; qode_css_animation=&#8221;element_from_fade&#8221; transition_delay=&#8221;0.2&#8243; el_class=&#8221;bordouni&#8221;][\/vc_column_inner][vc_column_inner el_class=&#8221;settori_testo&#8221; width=&#8221;1\/3&#8243;][vc_column_text el_class=&#8221;box_bianco&#8221; css=&#8221;.vc_custom_1638530298763{border-radius: 30px !important;}&#8221;]<span style=\"font-weight: 400;\">Il continuo aggiornarsi delle tendenze riesce davvero a cambiare le scelte d\u2019acquisto del consumatore in poco tempo e per questo motivo bisogna sempre essere pronti a proporre le novit\u00e0 che siano al passo coi tempi.<\/span>[\/vc_column_text][\/vc_column_inner][\/vc_row_inner][vc_separator type=&#8221;normal&#8221; down=&#8221;30&#8243; transparency=&#8221;0&#8243;][\/vc_column][\/vc_row][vc_row row_type=&#8221;parallax&#8221; parallax_content_width=&#8221;in_grid&#8221; text_align=&#8221;left&#8221; full_screen_section_height=&#8221;no&#8221; background_image=&#8221;16653&#8243; section_height=&#8221;420&#8243;][vc_column][vc_separator type=&#8221;transparent&#8221; up=&#8221;120&#8243; down=&#8221;0&#8243;][vc_row_inner row_type=&#8221;row&#8221; type=&#8221;full_width&#8221; text_align=&#8221;left&#8221; css_animation=&#8221;&#8221;][vc_column_inner el_class=&#8221;progetti_speciali&#8221;]<div class='testimonials_holder clearfix '><div class=\"testimonials testimonials_carousel\" data-show-navigation=\"no\" data-animation-type=\"slide\" data-animation-speed=\"\" data-auto-rotate-slides=\"5\" data-number-per-slide=\"1\"><ul class=\"slides\"><li id=\"testimonials16651\" class=\"testimonial_content\"><div class=\"testimonial_content_inner\"><div class=\"testimonial_text_holder\"><div class=\"testimonial_text_inner\" style=\"color: #3c3c3b;\"><p style='font-size:50px;color:#3c3c3b;'>Ogni ingrediente ha la sua importanza<\/p><p class=\"testimonial_author\" style=\"color: #3c3c3b;font-weight: 600;\"><\/p><\/div><\/div><\/div><\/li><li id=\"testimonials16650\" class=\"testimonial_content\"><div class=\"testimonial_content_inner\"><div class=\"testimonial_text_holder\"><div class=\"testimonial_text_inner\" style=\"color: #3c3c3b;\"><p style='font-size:50px;color:#3c3c3b;'>Fresca, secca o ripiena: non ci sono limiti<\/p><p class=\"testimonial_author\" style=\"color: #3c3c3b;font-weight: 600;\"><\/p><\/div><\/div><\/div><\/li><li id=\"testimonials16649\" class=\"testimonial_content\"><div class=\"testimonial_content_inner\"><div class=\"testimonial_text_holder\"><div class=\"testimonial_text_inner\" style=\"color: #3c3c3b;\"><p style='font-size:50px;color:#3c3c3b;'>Un viaggio tra grani e farine<\/p><p class=\"testimonial_author\" style=\"color: #3c3c3b;font-weight: 600;\"><\/p><\/div><\/div><\/div><\/li><\/ul><\/div><\/div>[\/vc_column_inner][\/vc_row_inner][vc_separator type=&#8221;transparent&#8221; up=&#8221;120&#8243; down=&#8221;0&#8243;][\/vc_column][\/vc_row][vc_row css_animation=&#8221;&#8221; row_type=&#8221;row&#8221; use_row_as_full_screen_section=&#8221;no&#8221; type=&#8221;grid&#8221; angled_section=&#8221;no&#8221; text_align=&#8221;left&#8221; background_image_as_pattern=&#8221;without_pattern&#8221; padding_top=&#8221;80&#8243; padding_bottom=&#8221;0&#8243; anchor=&#8221;portfolio&#8221; background_color=&#8221;#f7f7f7&#8243; css=&#8221;.vc_custom_1594305023211{background-color: #e8e7e7 !important;}&#8221; z_index=&#8221;&#8221;][vc_column][vc_row_inner row_type=&#8221;row&#8221; type=&#8221;full_width&#8221; text_align=&#8221;left&#8221; css_animation=&#8221;&#8221;][vc_column_inner el_class=&#8221;testo_progetto&#8221; width=&#8221;1\/2&#8243;][vc_column_text]<span style=\"font-weight: 400;\">La collaborazione sinergica che si crea con il cliente per la creazione da zero di un prodotto \u00e8 unica. Un esempio? Con Unitrading \u00e8 possibile progettare un&#8217;intera linea di pasta fresca ripiena di super-food: proponiamo i produttori per ogni ingrediente, dal grano fino al ripieno, scegliendo sempre la massima qualit\u00e0 possibile e un ottimo rapporto qualit\u00e0\/prezzo.<\/span>[\/vc_column_text][vc_separator type=&#8221;transparent&#8221; down=&#8221;10&#8243;]<blockquote class=' with_quote_icon' style='width: 80%;border-left-color: #234c5a;'><i class='fa fa-quote-right' style='color: #234c5a;'><\/i><h5 class='blockquote-text' style='color: #234c5a; line-height: 30px;'>Affianchiamo il cliente in ogni fase del processo aiutandolo sia nelle fasi produttive che in quelle di marketing,<\/h5><\/blockquote>[vc_separator type=&#8221;transparent&#8221; up=&#8221;10&#8243;][vc_column_text]<span style=\"font-weight: 400;\">come la consulenza su materiali e grafica del packaging per ottenere un risultato in linea con i trend di mercato presenti e futuri.<\/span>[\/vc_column_text][\/vc_column_inner][vc_column_inner width=&#8221;1\/2&#8243;][vc_single_image image=&#8221;16652&#8243; img_size=&#8221;full&#8221; alignment=&#8221;center&#8221; qode_css_animation=&#8221;element_from_fade&#8221; transition_delay=&#8221;0.4&#8243;][\/vc_column_inner][\/vc_row_inner][\/vc_column][\/vc_row][vc_row css_animation=&#8221;&#8221; row_type=&#8221;row&#8221; use_row_as_full_screen_section=&#8221;no&#8221; type=&#8221;grid&#8221; angled_section=&#8221;no&#8221; text_align=&#8221;left&#8221; background_image_as_pattern=&#8221;without_pattern&#8221; padding_top=&#8221;0&#8243; padding_bottom=&#8221;0&#8243; background_color=&#8221;#ffffff&#8221; z_index=&#8221;&#8221; css=&#8221;.vc_custom_1638531697109{padding-top: 30px !important;padding-bottom: 30px !important;}&#8221;][vc_column css=&#8221;.vc_custom_1638531614034{padding-top: 30px !important;padding-bottom: 30px !important;}&#8221;][\/vc_column][\/vc_row]<\/p>\n<\/section>","protected":false},"excerpt":{"rendered":"<p>[vc_row css_animation=&#8221;&#8221; row_type=&#8221;row&#8221; use_row_as_full_screen_section=&#8221;no&#8221; type=&#8221;full_width&#8221; angled_section=&#8221;no&#8221; text_align=&#8221;left&#8221; background_image_as_pattern=&#8221;without_pattern&#8221; z_index=&#8221;9999&#8243;][vc_column][\/vc_column][\/vc_row][vc_row css_animation=&#8221;&#8221; row_type=&#8221;row&#8221; use_row_as_full_screen_section=&#8221;no&#8221; type=&#8221;full_width&#8221; angled_section=&#8221;no&#8221; text_align=&#8221;left&#8221; background_image_as_pattern=&#8221;without_pattern&#8221; css=&#8221;.vc_custom_1638529180953{margin-top: 0px !important;background-color: #234c5a !important;}&#8221; z_index=&#8221;2&#8243; background_color=&#8221;#d2c7ba&#8221;][vc_column css=&#8221;.vc_custom_1638529643072{padding-top: 10px !important;padding-bottom: 10px !important;}&#8221;][vc_column_text el_class=&#8221;pasta&#8221;] Pasta &amp; co [\/vc_column_text][\/vc_column][\/vc_row][vc_row css_animation=&#8221;&#8221; row_type=&#8221;row&#8221; use_row_as_full_screen_section=&#8221;no&#8221; type=&#8221;full_width&#8221; angled_section=&#8221;no&#8221; text_align=&#8221;left&#8221; background_image_as_pattern=&#8221;without_pattern&#8221;][vc_column][vc_single_image image=&#8221;17751&#8243; img_size=&#8221;full&#8221; alignment=&#8221;center&#8221; qode_css_animation=&#8221;&#8221;][\/vc_column][\/vc_row][vc_row css_animation=&#8221;&#8221;&#8230;<\/p>\n","protected":false},"author":1,"featured_media":0,"parent":0,"menu_order":0,"comment_status":"open","ping_status":"open","template":"full_width.php","meta":[],"_links":{"self":[{"href":"https:\/\/www.unitradingfood.com\/it\/wp-json\/wp\/v2\/pages\/16625"}],"collection":[{"href":"https:\/\/www.unitradingfood.com\/it\/wp-json\/wp\/v2\/pages"}],"about":[{"href":"https:\/\/www.unitradingfood.com\/it\/wp-json\/wp\/v2\/types\/page"}],"author":[{"embeddable":true,"href":"https:\/\/www.unitradingfood.com\/it\/wp-json\/wp\/v2\/users\/1"}],"replies":[{"embeddable":true,"href":"https:\/\/www.unitradingfood.com\/it\/wp-json\/wp\/v2\/comments?post=16625"}],"version-history":[{"count":19,"href":"https:\/\/www.unitradingfood.com\/it\/wp-json\/wp\/v2\/pages\/16625\/revisions"}],"predecessor-version":[{"id":18528,"href":"https:\/\/www.unitradingfood.com\/it\/wp-json\/wp\/v2\/pages\/16625\/revisions\/18528"}],"wp:attachment":[{"href":"https:\/\/www.unitradingfood.com\/it\/wp-json\/wp\/v2\/media?parent=16625"}],"curies":[{"name":"wp","href":"https:\/\/api.w.org\/{rel}","templated":true}]}}